{"id":16,"date":"2022-02-06T17:38:50","date_gmt":"2022-02-06T15:38:50","guid":{"rendered":"https:\/\/bilborchalet.com\/?page_id=16"},"modified":"2025-11-13T13:14:30","modified_gmt":"2025-11-13T11:14:30","slug":"traieste","status":"publish","type":"page","link":"https:\/\/bilborchalet.com\/en\/traieste\/","title":{"rendered":"Live"},"content":{"rendered":"<div data-elementor-type=\"wp-page\" data-elementor-id=\"16\" class=\"elementor elementor-16\" data-elementor-post-type=\"page\">\n\t\t\t\t\t\t<section class=\"elementor-section elementor-top-section elementor-element elementor-element-26b119b elementor-section-boxed elementor-section-height-default elementor-section-height-default\" data-id=\"26b119b\" data-element_type=\"section\" data-e-type=\"section\" data-settings=\"{&quot;background_background&quot;:&quot;classic&quot;,&quot;shape_divider_bottom&quot;:&quot;mountains&quot;}\">\n\t\t\t\t\t<div class=\"elementor-shape elementor-shape-bottom\" aria-hidden=\"true\" data-negative=\"false\">\n\t\t\t<svg xmlns=\"http:\/\/www.w3.org\/2000\/svg\" viewbox=\"0 0 1000 100\" preserveaspectratio=\"none\">\n\t<path class=\"elementor-shape-fill\" opacity=\"0.33\" d=\"M473,67.3c-203.9,88.3-263.1-34-320.3,0C66,119.1,0,59.7,0,59.7V0h1000v59.7 c0,0-62.1,26.1-94.9,29.3c-32.8,3.3-62.8-12.3-75.8-22.1C806,49.6,745.3,8.7,694.9,4.7S492.4,59,473,67.3z\"\/>\n\t<path class=\"elementor-shape-fill\" opacity=\"0.66\" d=\"M734,67.3c-45.5,0-77.2-23.2-129.1-39.1c-28.6-8.7-150.3-10.1-254,39.1 s-91.7-34.4-149.2,0C115.7,118.3,0,39.8,0,39.8V0h1000v36.5c0,0-28.2-18.5-92.1-18.5C810.2,18.1,775.7,67.3,734,67.3z\"\/>\n\t<path class=\"elementor-shape-fill\" d=\"M766.1,28.9c-200-57.5-266,65.5-395.1,19.5C242,1.8,242,5.4,184.8,20.6C128,35.8,132.3,44.9,89.9,52.5C28.6,63.7,0,0,0,0 h1000c0,0-9.9,40.9-83.6,48.1S829.6,47,766.1,28.9z\"\/>\n<\/svg>\t\t<\/div>\n\t\t\t\t\t<div class=\"elementor-container elementor-column-gap-default\">\n\t\t\t\t\t<div class=\"elementor-column elementor-col-100 elementor-top-column elementor-element elementor-element-dbec4f1\" data-id=\"dbec4f1\" data-element_type=\"column\" data-e-type=\"column\">\n\t\t\t<div class=\"elementor-widget-wrap elementor-element-populated\">\n\t\t\t\t\t\t<div class=\"elementor-element elementor-element-5f49b00 elementor-widget elementor-widget-text-editor\" data-id=\"5f49b00\" data-element_type=\"widget\" data-e-type=\"widget\" data-widget_type=\"text-editor.default\">\n\t\t\t\t\t\t<div class=\"elementor-widget-container\">\n\t\t\t\t\t\t\t\t\t<h2>Dear peace seeker,<\/h2><p>We know, you&#039;re looking for one <strong>idyllic place<\/strong> where <strong>to forget about the crowd<\/strong> and <strong>the noisy everyday problems<\/strong>. We know you want to <strong>relax<\/strong> indeed alongside your loved ones, <strong>disconnect<\/strong> and <strong>rediscover the meaning of small joys in life<\/strong>\u2026 Well, you&#039;ve come to the right place!<\/p><p><br \/><strong>Bilbor Chalet<\/strong> represents not only a place to stay in the mountains, but also a <strong>memorable experience<\/strong>, which may create \"addiction\" and become, actually, a real lifestyle for you, your family and friends.<\/p><p><br \/>Here you will <strong>find the peace<\/strong> of mind and body that you need, your eyes will get delighted seeing the <strong>dream landscape<\/strong> and <strong>you will breathe in the purest air found in Romania<\/strong>! You will explore the lesser-known surroundings in our country and release your inner emotions with every tourist attraction or activity carried out in the area.<\/p><p><br \/>Bilbor Chalet is a concept based on core values such as Quality, Generosity and Innovation.<\/p><p><br \/>Here <strong>we love nature<\/strong>, and even Bilbor Chalet itself loves nature!<\/p><p><br \/>The cottage was built from as many eco-friendly materials as possible (wood, water-based varnish, natural fabrics and natural stone), it uses a 100% ecological heating system, its own sewer system with ecological septic tanks and a rainwater harvesting system. Last but not least, we would like you to know that we also own a charging station for electric cars, treating every action that both us and our guests are taking with complete environmental responsibility.<\/p><p><br \/>In conclusion, we would like to <strong>fully guarantee<\/strong> the <strong>comfort<\/strong> and <strong>the authenticity of this realm<\/strong> which had been superbly built in perfect harmony with nature.<\/p><p>Looking forward to seeing you,<br \/>The Bilbor Chalet team<\/p><p>\u00a0<\/p>\t\t\t\t\t\t\t\t<\/div>\n\t\t\t\t<\/div>\n\t\t\t\t\t<\/div>\n\t\t<\/div>\n\t\t\t\t\t<\/div>\n\t\t<\/section>\n\t\t\t\t<section class=\"elementor-section elementor-top-section elementor-element elementor-element-0c8ac23 elementor-section-boxed elementor-section-height-default elementor-section-height-default\" data-id=\"0c8ac23\" data-element_type=\"section\" data-e-type=\"section\">\n\t\t\t\t\t\t<div class=\"elementor-container elementor-column-gap-default\">\n\t\t\t\t\t<div class=\"elementor-column elementor-col-100 elementor-top-column elementor-element elementor-element-51a858b\" data-id=\"51a858b\" data-element_type=\"column\" data-e-type=\"column\">\n\t\t\t<div class=\"elementor-widget-wrap elementor-element-populated\">\n\t\t\t\t\t\t<div class=\"elementor-element elementor-element-486c842 elementor-widget elementor-widget-heading\" data-id=\"486c842\" data-element_type=\"widget\" data-e-type=\"widget\" data-widget_type=\"heading.default\">\n\t\t\t\t\t\t<div class=\"elementor-widget-container\">\n\t\t\t\t\t<h2 class=\"elementor-heading-title elementor-size-default\">No individual rooms can be rented at the property.<\/h2>\t\t\t\t<\/div>\n\t\t\t\t<\/div>\n\t\t\t\t<section class=\"elementor-section elementor-inner-section elementor-element elementor-element-78314cc elementor-section-boxed elementor-section-height-default elementor-section-height-default\" data-id=\"78314cc\" data-element_type=\"section\" data-e-type=\"section\">\n\t\t\t\t\t\t<div class=\"elementor-container elementor-column-gap-default\">\n\t\t\t\t\t<div class=\"elementor-column elementor-col-50 elementor-inner-column elementor-element elementor-element-e6a923a\" data-id=\"e6a923a\" data-element_type=\"column\" data-e-type=\"column\" data-settings=\"{&quot;background_background&quot;:&quot;classic&quot;}\">\n\t\t\t<div class=\"elementor-widget-wrap elementor-element-populated\">\n\t\t\t\t\t\t<div class=\"elementor-element elementor-element-3677ad5 elementor-widget elementor-widget-price-table\" data-id=\"3677ad5\" data-element_type=\"widget\" data-e-type=\"widget\" data-widget_type=\"price-table.default\">\n\t\t\t\t\t\t<div class=\"elementor-widget-container\">\n\t\t\t\t\t\n\t\t<div class=\"elementor-price-table\">\n\t\t\t\t\t\t\t<div class=\"elementor-price-table__header\">\n\t\t\t\t\t\t\t\t\t\t\t<h2 class=\"elementor-price-table__heading\">\n\t\t\t\t\t\tVINERI-DUMINIC\u0102\t\t\t\t\t\t<\/h2>\n\t\t\t\t\t\n\t\t\t\t\t\t\t\t\t<\/div>\n\t\t\t\n\t\t\t<div class=\"elementor-price-table__price\">\n\t\t\t\t\t\t\t\t<span class=\"elementor-price-table__currency\">LEI<\/span>\t\t\t\t\t\t\t\t\t<span class=\"elementor-price-table__integer-part\">\n\t\t\t\t\t\t3500\t\t\t\t\t<\/span>\n\t\t\t\t\n\t\t\t\t\t\t\t\t\t<div class=\"elementor-price-table__after-price\">\n\t\t\t\t\t\t<span class=\"elementor-price-table__fractional-part\">\n\t\t\t\t\t\t\t\t\t\t\t\t\t<\/span>\n\n\t\t\t\t\t\t\t\t\t\t\t\t\t<span class=\"elementor-price-table__period elementor-typo-excluded\">PE NOAPTE<\/span>\t\t\t\t\t\t\t\t\t\t\t<\/div>\n\t\t\t\t\n\t\t\t\t\n\t\t\t\t\t\t\t<\/div>\n\n\t\t\t\t\t\t\t<ul class=\"elementor-price-table__features-list\">\n\t\t\t\t\t\t\t\t\t\t\t<li class=\"elementor-repeater-item-4acd9b2\">\n\t\t\t\t\t\t\t<div class=\"elementor-price-table__feature-inner\">\n\t\t\t\t\t\t\t\t\t\t\t\t\t\t\t\t\t\t\t\t\t\t\t\t\t<span >\n\t\t\t\t\t\t\t\t\t\tDo you want a cottage for rent for the whole weekend?\t\t\t\t\t\t\t\t\t<\/span>\n\t\t\t\t\t\t\t\t\t\t\t\t\t\t\t\t<\/div>\n\t\t\t\t\t\t<\/li>\n\t\t\t\t\t\t\t\t\t\t\t<li class=\"elementor-repeater-item-3314988\">\n\t\t\t\t\t\t\t<div class=\"elementor-price-table__feature-inner\">\n\t\t\t\t\t\t\t\t\t\t\t\t\t\t\t\t\t\t\t\t\t\t\t\t\t<span >\n\t\t\t\t\t\t\t\t\t\tVino cu familia \u0219i prietenii de Vineri \u0219i relaxa\u021bi-v\u0103 p\u00e2n\u0103 Duminic\u0103. V\u0103 a\u0219tept\u0103m cu drag!\t\t\t\t\t\t\t\t\t<\/span>\n\t\t\t\t\t\t\t\t\t\t\t\t\t\t\t\t<\/div>\n\t\t\t\t\t\t<\/li>\n\t\t\t\t\t\t\t\t\t<\/ul>\n\t\t\t\n\t\t\t\t\t<\/div>\n\n\t\t\t\t\t\t<\/div>\n\t\t\t\t<\/div>\n\t\t\t\t\t<\/div>\n\t\t<\/div>\n\t\t\t\t<div class=\"elementor-column elementor-col-50 elementor-inner-column elementor-element elementor-element-8eaa8ab\" data-id=\"8eaa8ab\" data-element_type=\"column\" data-e-type=\"column\" data-settings=\"{&quot;background_background&quot;:&quot;classic&quot;}\">\n\t\t\t<div class=\"elementor-widget-wrap elementor-element-populated\">\n\t\t\t\t\t\t<div class=\"elementor-element elementor-element-733e239 elementor-widget elementor-widget-price-table\" data-id=\"733e239\" data-element_type=\"widget\" data-e-type=\"widget\" data-widget_type=\"price-table.default\">\n\t\t\t\t\t\t<div class=\"elementor-widget-container\">\n\t\t\t\t\t\n\t\t<div class=\"elementor-price-table\">\n\t\t\t\t\t\t\t<div class=\"elementor-price-table__header\">\n\t\t\t\t\t\t\t\t\t\t\t<h5 class=\"elementor-price-table__heading\">\n\t\t\t\t\t\tLUNI-JOI\t\t\t\t\t\t<\/h5>\n\t\t\t\t\t\n\t\t\t\t\t\t\t\t\t<\/div>\n\t\t\t\n\t\t\t<div class=\"elementor-price-table__price\">\n\t\t\t\t\t\t\t\t<span class=\"elementor-price-table__currency\">LEI<\/span>\t\t\t\t\t\t\t\t\t<span class=\"elementor-price-table__integer-part\">\n\t\t\t\t\t\t2500\t\t\t\t\t<\/span>\n\t\t\t\t\n\t\t\t\t\t\t\t\t\t<div class=\"elementor-price-table__after-price\">\n\t\t\t\t\t\t<span class=\"elementor-price-table__fractional-part\">\n\t\t\t\t\t\t\t\t\t\t\t\t\t<\/span>\n\n\t\t\t\t\t\t\t\t\t\t\t\t\t<span class=\"elementor-price-table__period elementor-typo-excluded\">PE NOAPTE<\/span>\t\t\t\t\t\t\t\t\t\t\t<\/div>\n\t\t\t\t\n\t\t\t\t\n\t\t\t\t\t\t\t<\/div>\n\n\t\t\t\t\t\t\t<ul class=\"elementor-price-table__features-list\">\n\t\t\t\t\t\t\t\t\t\t\t<li class=\"elementor-repeater-item-cb9ee76\">\n\t\t\t\t\t\t\t<div class=\"elementor-price-table__feature-inner\">\n\t\t\t\t\t\t\t\t\t\t\t\t\t\t\t\t\t\t\t\t\t\t\t\t\t<span >\n\t\t\t\t\t\t\t\t\t\t\u00cencarc\u0103-te cu energia de la munte\t\t\t\t\t\t\t\t\t<\/span>\n\t\t\t\t\t\t\t\t\t\t\t\t\t\t\t\t<\/div>\n\t\t\t\t\t\t<\/li>\n\t\t\t\t\t\t\t\t\t\t\t<li class=\"elementor-repeater-item-3314988\">\n\t\t\t\t\t\t\t<div class=\"elementor-price-table__feature-inner\">\n\t\t\t\t\t\t\t\t\t\t\t\t\t\t\t\t\t\t\t\t\t\t\t\t\t<span >\n\t\t\t\t\t\t\t\t\t\tFie c\u0103 vrei s\u0103 rupi ritmul \u0219i s\u0103 schimbi decorul la mijloc de s\u0103pt\u0103m\u00e2n\u0103 sau pur \u0219i simplu dore\u0219ti o vacan\u021b\u0103 \u00een timp ce al\u021bii muncesc, te a\u0219tept\u0103m cu drag!\t\t\t\t\t\t\t\t\t<\/span>\n\t\t\t\t\t\t\t\t\t\t\t\t\t\t\t\t<\/div>\n\t\t\t\t\t\t<\/li>\n\t\t\t\t\t\t\t\t\t<\/ul>\n\t\t\t\n\t\t\t\t\t<\/div>\n\n\t\t\t\t\t\t<\/div>\n\t\t\t\t<\/div>\n\t\t\t\t\t<\/div>\n\t\t<\/div>\n\t\t\t\t\t<\/div>\n\t\t<\/section>\n\t\t\t\t<div class=\"elementor-element elementor-element-818518f elementor-align-center elementor-widget elementor-widget-button\" data-id=\"818518f\" data-element_type=\"widget\" data-e-type=\"widget\" data-settings=\"{&quot;motion_fx_motion_fx_mouse&quot;:&quot;yes&quot;,&quot;motion_fx_mouseTrack_effect&quot;:&quot;yes&quot;,&quot;motion_fx_mouseTrack_speed&quot;:{&quot;unit&quot;:&quot;px&quot;,&quot;size&quot;:0.1000000000000000055511151231257827021181583404541015625,&quot;sizes&quot;:[]}}\" data-widget_type=\"button.default\">\n\t\t\t\t\t\t<div class=\"elementor-widget-container\">\n\t\t\t\t\t\t\t\t\t<div class=\"elementor-button-wrapper\">\n\t\t\t\t\t<a class=\"elementor-button elementor-button-link elementor-size-lg\" href=\"#rezerva\">\n\t\t\t\t\t\t<span class=\"elementor-button-content-wrapper\">\n\t\t\t\t\t\t<span class=\"elementor-button-icon\">\n\t\t\t\t<i aria-hidden=\"true\" class=\"far fa-calendar-check\"><\/i>\t\t\t<\/span>\n\t\t\t\t\t\t\t\t\t<span class=\"elementor-button-text\">Reserve Now<\/span>\n\t\t\t\t\t<\/span>\n\t\t\t\t\t<\/a>\n\t\t\t\t<\/div>\n\t\t\t\t\t\t\t\t<\/div>\n\t\t\t\t<\/div>\n\t\t\t\t\t<\/div>\n\t\t<\/div>\n\t\t\t\t\t<\/div>\n\t\t<\/section>\n\t\t\t\t<\/div>","protected":false},"excerpt":{"rendered":"<p>Drag\u0103 doritorule de lini\u0219te, \u0218tim, e\u0219ti \u00een c\u0103utarea unui loc idilic unde s\u0103 po\u021bi uita de aglomera\u021bie \u0219i de zgomotul problemelor cotidiene. Dore\u0219ti s\u0103 te relaxezi cu adev\u0103rat al\u0103turi de cei dragi \u021bie, s\u0103 te deconectezi \u0219i s\u0103 redescoperi sensul bucuriilor mici \u00een via\u021b\u0103\u2026Ei bine, ai ajuns \u00een locul potrivit! Bilbor Chalet reprezint\u0103 nu numai [&hellip;]<\/p>\n","protected":false},"author":4,"featured_media":0,"parent":0,"menu_order":0,"comment_status":"closed","ping_status":"closed","template":"","meta":{"footnotes":""},"class_list":["post-16","page","type-page","status-publish","hentry"],"yoast_head":"<!-- This site is optimized with the Yoast SEO plugin v27.2 - https:\/\/yoast.com\/product\/yoast-seo-wordpress\/ -->\n<title>Tr\u0103ie\u0219te - Bilbor Chalet<\/title>\n<meta name=\"robots\" content=\"index, follow, max-snippet:-1, max-image-preview:large, max-video-preview:-1\" \/>\n<link rel=\"canonical\" href=\"https:\/\/bilborchalet.com\/en\/traieste\/\" \/>\n<meta property=\"og:locale\" content=\"en_GB\" \/>\n<meta property=\"og:type\" content=\"article\" \/>\n<meta property=\"og:title\" content=\"Tr\u0103ie\u0219te - Bilbor Chalet\" \/>\n<meta property=\"og:description\" content=\"Drag\u0103 doritorule de lini\u0219te, \u0218tim, e\u0219ti \u00een c\u0103utarea unui loc idilic unde s\u0103 po\u021bi uita de aglomera\u021bie \u0219i de zgomotul problemelor cotidiene. Dore\u0219ti s\u0103 te relaxezi cu adev\u0103rat al\u0103turi de cei dragi \u021bie, s\u0103 te deconectezi \u0219i s\u0103 redescoperi sensul bucuriilor mici \u00een via\u021b\u0103\u2026Ei bine, ai ajuns \u00een locul potrivit! Bilbor Chalet reprezint\u0103 nu numai [&hellip;]\" \/>\n<meta property=\"og:url\" content=\"https:\/\/bilborchalet.com\/en\/traieste\/\" \/>\n<meta property=\"og:site_name\" content=\"Bilbor Chalet\" \/>\n<meta property=\"article:modified_time\" content=\"2025-11-13T11:14:30+00:00\" \/>\n<meta name=\"twitter:card\" content=\"summary_large_image\" \/>\n<meta name=\"twitter:label1\" content=\"Estimated reading time\" \/>\n\t<meta name=\"twitter:data1\" content=\"3 minutes\" \/>\n<script type=\"application\/ld+json\" class=\"yoast-schema-graph\">{\"@context\":\"https:\/\/schema.org\",\"@graph\":[{\"@type\":\"WebPage\",\"@id\":\"https:\/\/bilborchalet.com\/traieste\/\",\"url\":\"https:\/\/bilborchalet.com\/traieste\/\",\"name\":\"Tr\u0103ie\u0219te - Bilbor Chalet\",\"isPartOf\":{\"@id\":\"https:\/\/bilborchalet.com\/#website\"},\"datePublished\":\"2022-02-06T15:38:50+00:00\",\"dateModified\":\"2025-11-13T11:14:30+00:00\",\"breadcrumb\":{\"@id\":\"https:\/\/bilborchalet.com\/traieste\/#breadcrumb\"},\"inLanguage\":\"en-GB\",\"potentialAction\":[{\"@type\":\"ReadAction\",\"target\":[\"https:\/\/bilborchalet.com\/traieste\/\"]}]},{\"@type\":\"BreadcrumbList\",\"@id\":\"https:\/\/bilborchalet.com\/traieste\/#breadcrumb\",\"itemListElement\":[{\"@type\":\"ListItem\",\"position\":1,\"name\":\"Home\",\"item\":\"https:\/\/bilborchalet.com\/\"},{\"@type\":\"ListItem\",\"position\":2,\"name\":\"Tr\u0103ie\u0219te\"}]},{\"@type\":\"WebSite\",\"@id\":\"https:\/\/bilborchalet.com\/#website\",\"url\":\"https:\/\/bilborchalet.com\/\",\"name\":\"Bilbor Chalet\",\"description\":\"Locul unde natura se contope\u0219te cu confortul\",\"publisher\":{\"@id\":\"https:\/\/bilborchalet.com\/#organization\"},\"potentialAction\":[{\"@type\":\"SearchAction\",\"target\":{\"@type\":\"EntryPoint\",\"urlTemplate\":\"https:\/\/bilborchalet.com\/?s={search_term_string}\"},\"query-input\":{\"@type\":\"PropertyValueSpecification\",\"valueRequired\":true,\"valueName\":\"search_term_string\"}}],\"inLanguage\":\"en-GB\"},{\"@type\":\"Organization\",\"@id\":\"https:\/\/bilborchalet.com\/#organization\",\"name\":\"Bilbor Chalet\",\"url\":\"https:\/\/bilborchalet.com\/\",\"logo\":{\"@type\":\"ImageObject\",\"inLanguage\":\"en-GB\",\"@id\":\"https:\/\/bilborchalet.com\/#\/schema\/logo\/image\/\",\"url\":\"https:\/\/i0.wp.com\/bilborchalet.com\/wp-content\/uploads\/2022\/02\/BilbormainLogo.png?fit=500%2C500&ssl=1\",\"contentUrl\":\"https:\/\/i0.wp.com\/bilborchalet.com\/wp-content\/uploads\/2022\/02\/BilbormainLogo.png?fit=500%2C500&ssl=1\",\"width\":500,\"height\":500,\"caption\":\"Bilbor Chalet\"},\"image\":{\"@id\":\"https:\/\/bilborchalet.com\/#\/schema\/logo\/image\/\"}}]}<\/script>\n<!-- \/ Yoast SEO plugin. -->","yoast_head_json":{"title":"Tr\u0103ie\u0219te - Bilbor Chalet","robots":{"index":"index","follow":"follow","max-snippet":"max-snippet:-1","max-image-preview":"max-image-preview:large","max-video-preview":"max-video-preview:-1"},"canonical":"https:\/\/bilborchalet.com\/en\/traieste\/","og_locale":"en_GB","og_type":"article","og_title":"Tr\u0103ie\u0219te - Bilbor Chalet","og_description":"Drag\u0103 doritorule de lini\u0219te, \u0218tim, e\u0219ti \u00een c\u0103utarea unui loc idilic unde s\u0103 po\u021bi uita de aglomera\u021bie \u0219i de zgomotul problemelor cotidiene. Dore\u0219ti s\u0103 te relaxezi cu adev\u0103rat al\u0103turi de cei dragi \u021bie, s\u0103 te deconectezi \u0219i s\u0103 redescoperi sensul bucuriilor mici \u00een via\u021b\u0103\u2026Ei bine, ai ajuns \u00een locul potrivit! Bilbor Chalet reprezint\u0103 nu numai [&hellip;]","og_url":"https:\/\/bilborchalet.com\/en\/traieste\/","og_site_name":"Bilbor Chalet","article_modified_time":"2025-11-13T11:14:30+00:00","twitter_card":"summary_large_image","twitter_misc":{"Estimated reading time":"3 minutes"},"schema":{"@context":"https:\/\/schema.org","@graph":[{"@type":"WebPage","@id":"https:\/\/bilborchalet.com\/traieste\/","url":"https:\/\/bilborchalet.com\/traieste\/","name":"Tr\u0103ie\u0219te - Bilbor Chalet","isPartOf":{"@id":"https:\/\/bilborchalet.com\/#website"},"datePublished":"2022-02-06T15:38:50+00:00","dateModified":"2025-11-13T11:14:30+00:00","breadcrumb":{"@id":"https:\/\/bilborchalet.com\/traieste\/#breadcrumb"},"inLanguage":"en-GB","potentialAction":[{"@type":"ReadAction","target":["https:\/\/bilborchalet.com\/traieste\/"]}]},{"@type":"BreadcrumbList","@id":"https:\/\/bilborchalet.com\/traieste\/#breadcrumb","itemListElement":[{"@type":"ListItem","position":1,"name":"Home","item":"https:\/\/bilborchalet.com\/"},{"@type":"ListItem","position":2,"name":"Tr\u0103ie\u0219te"}]},{"@type":"WebSite","@id":"https:\/\/bilborchalet.com\/#website","url":"https:\/\/bilborchalet.com\/","name":"Bilbor Chalet","description":"The place where nature merges with comfort","publisher":{"@id":"https:\/\/bilborchalet.com\/#organization"},"potentialAction":[{"@type":"SearchAction","target":{"@type":"EntryPoint","urlTemplate":"https:\/\/bilborchalet.com\/?s={search_term_string}"},"query-input":{"@type":"PropertyValueSpecification","valueRequired":true,"valueName":"search_term_string"}}],"inLanguage":"en-GB"},{"@type":"Organization","@id":"https:\/\/bilborchalet.com\/#organization","name":"Bilbor Chalet","url":"https:\/\/bilborchalet.com\/","logo":{"@type":"ImageObject","inLanguage":"en-GB","@id":"https:\/\/bilborchalet.com\/#\/schema\/logo\/image\/","url":"https:\/\/i0.wp.com\/bilborchalet.com\/wp-content\/uploads\/2022\/02\/BilbormainLogo.png?fit=500%2C500&ssl=1","contentUrl":"https:\/\/i0.wp.com\/bilborchalet.com\/wp-content\/uploads\/2022\/02\/BilbormainLogo.png?fit=500%2C500&ssl=1","width":500,"height":500,"caption":"Bilbor Chalet"},"image":{"@id":"https:\/\/bilborchalet.com\/#\/schema\/logo\/image\/"}}]}},"jetpack_sharing_enabled":true,"_links":{"self":[{"href":"https:\/\/bilborchalet.com\/en\/wp-json\/wp\/v2\/pages\/16","targetHints":{"allow":["GET"]}}],"collection":[{"href":"https:\/\/bilborchalet.com\/en\/wp-json\/wp\/v2\/pages"}],"about":[{"href":"https:\/\/bilborchalet.com\/en\/wp-json\/wp\/v2\/types\/page"}],"author":[{"embeddable":true,"href":"https:\/\/bilborchalet.com\/en\/wp-json\/wp\/v2\/users\/4"}],"replies":[{"embeddable":true,"href":"https:\/\/bilborchalet.com\/en\/wp-json\/wp\/v2\/comments?post=16"}],"version-history":[{"count":214,"href":"https:\/\/bilborchalet.com\/en\/wp-json\/wp\/v2\/pages\/16\/revisions"}],"predecessor-version":[{"id":2295,"href":"https:\/\/bilborchalet.com\/en\/wp-json\/wp\/v2\/pages\/16\/revisions\/2295"}],"wp:attachment":[{"href":"https:\/\/bilborchalet.com\/en\/wp-json\/wp\/v2\/media?parent=16"}],"curies":[{"name":"wp","href":"https:\/\/api.w.org\/{rel}","templated":true}]}}